{"id":56,"date":"2023-05-20T19:20:03","date_gmt":"2023-05-20T19:20:03","guid":{"rendered":"https:\/\/eventour.com.mx\/?page_id=56"},"modified":"2024-04-23T04:57:22","modified_gmt":"2024-04-23T04:57:22","slug":"nosotros","status":"publish","type":"page","link":"https:\/\/eventour.com.mx\/inicio\/nosotros\/","title":{"rendered":"Nosotros"},"content":{"rendered":"<p>[et_pb_section fb_built=\u00bb1&#8243; fullwidth=\u00bbon\u00bb _builder_version=\u00bb4.21.0&#8243; _module_preset=\u00bbdefault\u00bb global_colors_info=\u00bb{}\u00bb][et_pb_fullwidth_header title=\u00bbNosotros\u00bb text_orientation=\u00bbcenter\u00bb background_overlay_color=\u00bbrgba(68,98,124,0.8)\u00bb _builder_version=\u00bb4.21.0&#8243; title_font=\u00bbLato|300|||||||\u00bb title_text_align=\u00bbcenter\u00bb title_font_size=\u00bb46px\u00bb title_line_height=\u00bb1.5em\u00bb content_font=\u00bbRoboto|300|||||||\u00bb content_text_align=\u00bbcenter\u00bb content_font_size=\u00bb20px\u00bb content_line_height=\u00bb1.8em\u00bb subhead_font=\u00bbLato|700|||||||\u00bb subhead_font_size=\u00bb25px\u00bb subhead_line_height=\u00bb1.5em\u00bb background_color=\u00bb#243E5B\u00bb background_image=\u00bbhttp:\/\/eventour.com.mx\/wp-content\/uploads\/2023\/06\/Centro-de-mesa.jpeg\u00bb custom_margin=\u00bb|||\u00bb custom_padding=\u00bb5vw||150px||false\u00bb title_font_size_tablet=\u00bb36px\u00bb title_font_size_phone=\u00bb\u00bb title_font_size_last_edited=\u00bbon|phone\u00bb global_colors_info=\u00bb{}\u00bb button_one_text_size__hover_enabled=\u00bboff\u00bb button_two_text_size__hover_enabled=\u00bboff\u00bb button_one_text_color__hover_enabled=\u00bboff\u00bb button_two_text_color__hover_enabled=\u00bboff\u00bb button_one_border_width__hover_enabled=\u00bboff\u00bb button_two_border_width__hover_enabled=\u00bboff\u00bb button_one_border_color__hover_enabled=\u00bboff\u00bb button_two_border_color__hover_enabled=\u00bboff\u00bb button_one_border_radius__hover_enabled=\u00bboff\u00bb button_two_border_radius__hover_enabled=\u00bboff\u00bb button_one_letter_spacing__hover_enabled=\u00bboff\u00bb button_two_letter_spacing__hover_enabled=\u00bboff\u00bb button_one_bg_color__hover_enabled=\u00bboff\u00bb button_two_bg_color__hover_enabled=\u00bboff\u00bb]<\/p>\n<p>L\u00edderes En La Industria De Eventos<\/p>\n<p>[\/et_pb_fullwidth_header][\/et_pb_section][et_pb_section fb_built=\u00bb1&#8243; _builder_version=\u00bb4.21.0&#8243; _module_preset=\u00bbdefault\u00bb global_colors_info=\u00bb{}\u00bb][et_pb_row _builder_version=\u00bb4.21.0&#8243; _module_preset=\u00bbdefault\u00bb global_colors_info=\u00bb{}\u00bb][et_pb_column type=\u00bb4_4&#8243; _builder_version=\u00bb4.21.0&#8243; _module_preset=\u00bbdefault\u00bb global_colors_info=\u00bb{}\u00bb][et_pb_text _builder_version=\u00bb4.21.0&#8243; _module_preset=\u00bbdefault\u00bb hover_enabled=\u00bb0&#8243; global_colors_info=\u00bb{}\u00bb sticky_enabled=\u00bb0&#8243;]<\/p>\n<p><span>En Eventour, nos apasiona crear experiencias memorables y \u00fanicas. Desde 2014, hemos estado organizando eventos extraordinarios que cautivan a nuestros clientes. Ya sea un evento empresarial, una conferencia inspiradora o una graduaci\u00f3n espectacular, estamos aqu\u00ed para dise\u00f1ar y ejecutar un evento que supere todas tus expectativas.<\/span><\/p>\n<p><span>Nuestro equipo de expertos en eventos est\u00e1 formado por profesionales apasionados y creativos que se dedican a hacer de cada evento algo verdaderamente especial. Trabajamos en estrecha colaboraci\u00f3n contigo, escuchando tus deseos y necesidades. Nos enorgullece cuidar cada detalle, desde la selecci\u00f3n del lugar perfecto hasta la elecci\u00f3n del men\u00fa m\u00e1s exquisito, garantizando que cada aspecto de tu evento sea impecable.<\/span><\/p>\n<p>[\/et_pb_text][\/et_pb_column][\/et_pb_row][\/et_pb_section][et_pb_section fb_built=\u00bb1&#8243; admin_label=\u00bbFooter\u00bb _builder_version=\u00bb4.21.0&#8243; background_enable_color=\u00bboff\u00bb background_image=\u00bbhttp:\/\/eventour.com.mx\/wp-content\/uploads\/2023\/06\/20210306_173812.jpeg\u00bb positioning=\u00bbnone\u00bb custom_padding=\u00bb5%||5%||false|false\u00bb bottom_divider_flip=\u00bbhorizontal\u00bb global_colors_info=\u00bb{}\u00bb][et_pb_row _builder_version=\u00bb4.21.0&#8243; _module_preset=\u00bbdefault\u00bb background_color=\u00bb#FFFFFF\u00bb custom_margin=\u00bb||||false|false\u00bb custom_padding=\u00bb3%|3%|3%|3%|true|true\u00bb border_color_all=\u00bb#FFFFFF\u00bb global_colors_info=\u00bb{}\u00bb][et_pb_column type=\u00bb4_4&#8243; _builder_version=\u00bb4.21.0&#8243; _module_preset=\u00bbdefault\u00bb global_colors_info=\u00bb{}\u00bb][et_pb_text _builder_version=\u00bb4.21.0&#8243; _module_preset=\u00bbdefault\u00bb global_colors_info=\u00bb{}\u00bb]<\/p>\n<p><span>Con a\u00f1os de experiencia en la industria, hemos construido una amplia red de proveedores y socios confiables. Esto nos permite ofrecerte una amplia gama de opciones y servicios de calidad. Nos encargamos de todos los aspectos log\u00edsticos, dej\u00e1ndote libre para disfrutar del evento y crear recuerdos duraderos.<\/span><\/p>\n<p><span><\/span><\/p>\n<p><span>En Eventour, creemos en la importancia de la innovaci\u00f3n y la creatividad. Nos mantenemos al tanto de las \u00faltimas tendencias en la industria de eventos para ofrecerte ideas frescas y originales que har\u00e1n que tu evento destaque. Nuestro enfoque personalizado garantiza que cada evento sea \u00fanico, reflejando tu estilo y personalidad de manera aut\u00e9ntica.<\/span><\/p>\n<p>[\/et_pb_text][\/et_pb_column][\/et_pb_row][\/et_pb_section][et_pb_section fb_built=\u00bb1&#8243; _builder_version=\u00bb4.21.0&#8243; _module_preset=\u00bbdefault\u00bb global_colors_info=\u00bb{}\u00bb][et_pb_row _builder_version=\u00bb4.21.0&#8243; _module_preset=\u00bbdefault\u00bb global_colors_info=\u00bb{}\u00bb][et_pb_column type=\u00bb4_4&#8243; _builder_version=\u00bb4.21.0&#8243; _module_preset=\u00bbdefault\u00bb global_colors_info=\u00bb{}\u00bb][et_pb_text _builder_version=\u00bb4.21.0&#8243; _module_preset=\u00bbdefault\u00bb global_colors_info=\u00bb{}\u00bb]<\/p>\n<p><span>La satisfacci\u00f3n de nuestros clientes es nuestra m\u00e1xima prioridad. Nos enorgullece haber construido relaciones s\u00f3lidas y duraderas con nuestros clientes, muchos de los cuales nos eligen una y otra vez para sus eventos. Nuestro compromiso con la excelencia y la atenci\u00f3n al detalle nos ha permitido ganarnos la confianza de nuestros clientes y establecernos como l\u00edderes en la industria de eventos.<\/span><\/p>\n<p><span><\/span><\/p>\n<p><span>Si est\u00e1s buscando hacer de tu pr\u00f3ximo evento algo verdaderamente extraordinario, est\u00e1s en el lugar correcto. Perm\u00edtenos llevar tus sue\u00f1os m\u00e1s all\u00e1 de tus expectativas y crear un evento que ser\u00e1 recordado por mucho tiempo. \u00a1Contacta con nosotros hoy mismo y comencemos a hacer realidad tus ideas!<\/span><\/p>\n<p><span><\/span><\/p>\n<p><span>\u00a1Bienvenido a la experiencia Eventour!<\/span><\/p>\n<p>[\/et_pb_text][\/et_pb_column][\/et_pb_row][\/et_pb_section][et_pb_section fb_built=\u00bb1&#8243; admin_label=\u00bbFooter\u00bb _builder_version=\u00bb4.21.0&#8243; background_color=\u00bb#345168&#8243; use_background_color_gradient=\u00bbon\u00bb background_color_gradient_stops=\u00bb#243e5b 0%|rgba(36,62,91,0.41) 100%\u00bb background_color_gradient_overlays_image=\u00bbon\u00bb background_color_gradient_start=\u00bb#345168&#8243; background_color_gradient_start_position=\u00bb5%\u00bb background_color_gradient_end=\u00bbrgba(219,219,219,0)\u00bb background_image=\u00bbhttp:\/\/eventour.com.mx\/wp-content\/uploads\/2023\/05\/Sillas-Evento-G.jpeg\u00bb positioning=\u00bbnone\u00bb custom_padding=\u00bb5%||5%||false|false\u00bb bottom_divider_flip=\u00bbhorizontal\u00bb global_colors_info=\u00bb{}\u00bb][et_pb_row _builder_version=\u00bb4.16&#8243; locked=\u00bboff\u00bb global_colors_info=\u00bb{}\u00bb][et_pb_column type=\u00bb4_4&#8243; _builder_version=\u00bb4.16&#8243; custom_padding=\u00bb|||\u00bb global_colors_info=\u00bb{}\u00bb custom_padding__hover=\u00bb|||\u00bb][et_pb_text admin_label=\u00bbTitle\u00bb _builder_version=\u00bb4.21.0&#8243; text_font=\u00bbLato||||||||\u00bb text_font_size=\u00bb18px\u00bb text_line_height=\u00bb1.8em\u00bb link_font=\u00bb||||||||\u00bb ul_font=\u00bb||||||||\u00bb ol_font=\u00bb||||||||\u00bb quote_font=\u00bb||||||||\u00bb header_font=\u00bb||||||||\u00bb header_2_font=\u00bbLato|300|||||||\u00bb header_2_text_color=\u00bb#FFFFFF\u00bb header_2_font_size=\u00bb40px\u00bb header_2_letter_spacing=\u00bb1px\u00bb header_2_line_height=\u00bb1.5em\u00bb header_3_font=\u00bb||||||||\u00bb header_4_font=\u00bb||||||||\u00bb header_5_font=\u00bb||||||||\u00bb header_6_font=\u00bbLato|700|||||||\u00bb header_6_font_size=\u00bb18px\u00bb header_6_letter_spacing=\u00bb1px\u00bb header_6_line_height=\u00bb1.8em\u00bb text_orientation=\u00bbcenter\u00bb background_layout=\u00bbdark\u00bb max_width=\u00bb700px\u00bb module_alignment=\u00bbcenter\u00bb header_2_font_size_tablet=\u00bb\u00bb header_2_font_size_phone=\u00bb22px\u00bb header_2_font_size_last_edited=\u00bbon|phone\u00bb global_colors_info=\u00bb{}\u00bb]<\/p>\n<h2>\u00a1Contacta con nosotros hoy mismo y comencemos a hacer realidad tus ideas!<\/h2>\n<p>[\/et_pb_text][et_pb_button button_url=\u00bb@ET-DC@eyJkeW5hbWljIjp0cnVlLCJjb250ZW50IjoicG9zdF9saW5rX3VybF9wYWdlIiwic2V0dGluZ3MiOnsicG9zdF9pZCI6IjUyIn19@\u00bb button_text=\u00bbContactar\u00bb button_alignment=\u00bbcenter\u00bb button_alignment_tablet=\u00bbright\u00bb button_alignment_phone=\u00bbcenter\u00bb button_alignment_last_edited=\u00bboff|desktop\u00bb _builder_version=\u00bb4.21.0&#8243; _dynamic_attributes=\u00bbbutton_url\u00bb custom_button=\u00bbon\u00bb button_text_size=\u00bb14px\u00bb button_text_color=\u00bb#243E5B\u00bb button_bg_color=\u00bb#ffffff\u00bb button_border_width=\u00bb11px\u00bb button_border_color=\u00bb#ffffff\u00bb button_border_radius=\u00bb50px\u00bb button_letter_spacing=\u00bb2px\u00bb button_font=\u00bbLato|300||on|||||\u00bb button_icon=\u00bb&#x24;||divi||400&#8243; custom_margin=\u00bb20px||20px||true\u00bb custom_padding=\u00bb|30px||30px|false|true\u00bb global_colors_info=\u00bb{}\u00bb button_text_size__hover_enabled=\u00bboff\u00bb button_one_text_size__hover_enabled=\u00bboff\u00bb button_two_text_size__hover_enabled=\u00bboff\u00bb button_text_color__hover_enabled=\u00bboff\u00bb button_one_text_color__hover_enabled=\u00bboff\u00bb button_two_text_color__hover_enabled=\u00bboff\u00bb button_border_width__hover_enabled=\u00bboff\u00bb button_one_border_width__hover_enabled=\u00bboff\u00bb button_two_border_width__hover_enabled=\u00bboff\u00bb button_border_color__hover_enabled=\u00bboff\u00bb button_one_border_color__hover_enabled=\u00bboff\u00bb button_two_border_color__hover_enabled=\u00bboff\u00bb button_border_radius__hover_enabled=\u00bboff\u00bb button_one_border_radius__hover_enabled=\u00bboff\u00bb button_two_border_radius__hover_enabled=\u00bboff\u00bb button_letter_spacing__hover_enabled=\u00bboff\u00bb button_one_letter_spacing__hover_enabled=\u00bboff\u00bb button_two_letter_spacing__hover_enabled=\u00bboff\u00bb button_bg_color__hover_enabled=\u00bboff\u00bb button_one_bg_color__hover_enabled=\u00bboff\u00bb button_two_bg_color__hover_enabled=\u00bboff\u00bb][\/et_pb_button][\/et_pb_column][\/et_pb_row][\/et_pb_section]<\/p>\n","protected":false},"excerpt":{"rendered":"<p>L\u00edderes En La Industria De EventosEn Eventour, nos apasiona crear experiencias memorables y \u00fanicas. Desde 2014, hemos estado organizando eventos extraordinarios que cautivan a nuestros clientes. Ya sea un evento empresarial, una conferencia inspiradora o una graduaci\u00f3n espectacular, estamos aqu\u00ed para dise\u00f1ar y ejecutar un evento que supere todas tus expectativas. Nuestro equipo de expertos [&hellip;]<\/p>\n","protected":false},"author":1,"featured_media":0,"parent":0,"menu_order":0,"comment_status":"closed","ping_status":"closed","template":"","meta":{"_et_pb_use_builder":"on","_et_pb_old_content":"","_et_gb_content_width":"","om_disable_all_campaigns":false,"_mi_skip_tracking":false},"aioseo_notices":[],"_links":{"self":[{"href":"https:\/\/eventour.com.mx\/inicio\/wp-json\/wp\/v2\/pages\/56"}],"collection":[{"href":"https:\/\/eventour.com.mx\/inicio\/wp-json\/wp\/v2\/pages"}],"about":[{"href":"https:\/\/eventour.com.mx\/inicio\/wp-json\/wp\/v2\/types\/page"}],"author":[{"embeddable":true,"href":"https:\/\/eventour.com.mx\/inicio\/wp-json\/wp\/v2\/users\/1"}],"replies":[{"embeddable":true,"href":"https:\/\/eventour.com.mx\/inicio\/wp-json\/wp\/v2\/comments?post=56"}],"version-history":[{"count":8,"href":"https:\/\/eventour.com.mx\/inicio\/wp-json\/wp\/v2\/pages\/56\/revisions"}],"predecessor-version":[{"id":194,"href":"https:\/\/eventour.com.mx\/inicio\/wp-json\/wp\/v2\/pages\/56\/revisions\/194"}],"wp:attachment":[{"href":"https:\/\/eventour.com.mx\/inicio\/wp-json\/wp\/v2\/media?parent=56"}],"curies":[{"name":"wp","href":"https:\/\/api.w.org\/{rel}","templated":true}]}}